{"id":387,"date":"2025-06-04T18:01:50","date_gmt":"2025-06-04T18:01:50","guid":{"rendered":"https:\/\/severinolopes.com.br\/2025\/?page_id=387"},"modified":"2025-06-04T19:14:34","modified_gmt":"2025-06-04T19:14:34","slug":"relatorios","status":"publish","type":"page","link":"https:\/\/severinolopes.com.br\/2025\/relatorios\/","title":{"rendered":"Publica\u00e7\u00f5es dos Relat\u00f3rios Anuais"},"content":{"rendered":"\t\t<div data-elementor-type=\"wp-page\" data-elementor-id=\"387\" class=\"elementor elementor-387\" data-elementor-post-type=\"page\">\n\t\t\t\t<div class=\"elementor-element elementor-element-87426f7 e-flex e-con-boxed e-con e-parent\" data-id=\"87426f7\" data-element_type=\"container\" data-e-type=\"container\" data-settings=\"{&quot;background_background&quot;:&quot;classic&quot;,&quot;ekit_has_onepagescroll_dot&quot;:&quot;yes&quot;}\">\n\t\t\t\t\t<div class=\"e-con-inner\">\n\t\t<div class=\"elementor-element elementor-element-cb13494 e-con-full e-flex e-con e-child\" data-id=\"cb13494\" data-element_type=\"container\" data-e-type=\"container\" data-settings=\"{&quot;ekit_has_onepagescroll_dot&quot;:&quot;yes&quot;}\">\n\t\t\t\t<div class=\"elementor-element elementor-element-c620e88 elementor-widget elementor-widget-heading\" data-id=\"c620e88\" data-element_type=\"widget\" data-e-type=\"widget\" data-settings=\"{&quot;ekit_we_effect_on&quot;:&quot;none&quot;}\" data-widget_type=\"heading.default\">\n\t\t\t\t\t<h2 class=\"elementor-heading-title elementor-size-default\">Publica\u00e7\u00f5es<\/h2>\t\t\t\t<\/div>\n\t\t\t\t<div class=\"elementor-element elementor-element-4d425c4 elementor-grid-1 elementor-widget__width-initial elementor-grid-tablet-2 elementor-grid-mobile-1 elementor-widget elementor-widget-loop-grid\" data-id=\"4d425c4\" data-element_type=\"widget\" data-e-type=\"widget\" data-settings=\"{&quot;template_id&quot;:408,&quot;columns&quot;:1,&quot;_skin&quot;:&quot;post&quot;,&quot;columns_tablet&quot;:&quot;2&quot;,&quot;columns_mobile&quot;:&quot;1&quot;,&quot;edit_handle_selector&quot;:&quot;[data-elementor-type=\\&quot;loop-item\\&quot;]&quot;,&quot;row_gap&quot;:{&quot;unit&quot;:&quot;px&quot;,&quot;size&quot;:&quot;&quot;,&quot;sizes&quot;:[]},&quot;row_gap_tablet&quot;:{&quot;unit&quot;:&quot;px&quot;,&quot;size&quot;:&quot;&quot;,&quot;sizes&quot;:[]},&quot;row_gap_mobile&quot;:{&quot;unit&quot;:&quot;px&quot;,&quot;size&quot;:&quot;&quot;,&quot;sizes&quot;:[]},&quot;ekit_we_effect_on&quot;:&quot;none&quot;}\" data-widget_type=\"loop-grid.post\">\n\t\t\t\t\t\t\t<div class=\"elementor-loop-container elementor-grid\">\n\t\t<style id=\"loop-408\">.elementor-408 .elementor-element.elementor-element-11de2b2{--display:flex;--flex-direction:row;--container-widget-width:calc( ( 1 - var( --container-widget-flex-grow ) ) * 100% );--container-widget-height:100%;--container-widget-flex-grow:1;--container-widget-align-self:stretch;--flex-wrap-mobile:wrap;--align-items:center;--gap:0px 0px;--row-gap:0px;--column-gap:0px;--padding-top:0px;--padding-bottom:0px;--padding-left:0px;--padding-right:0px;overflow:visible;}.elementor-408 .elementor-element.elementor-element-43ee2ac{--display:flex;--flex-direction:column;--container-widget-width:100%;--container-widget-height:initial;--container-widget-flex-grow:0;--container-widget-align-self:initial;--flex-wrap-mobile:wrap;overflow:visible;}.elementor-408 .elementor-element.elementor-element-43ee2ac.e-con{--flex-grow:0;--flex-shrink:0;}.elementor-widget-counter .elementor-counter-number-wrapper{color:var( --e-global-color-primary );font-family:var( --e-global-typography-primary-font-family ), Roboto, Sans-serif;font-weight:var( --e-global-typography-primary-font-weight );}.elementor-widget-counter .elementor-counter-title{color:var( --e-global-color-secondary );font-family:var( --e-global-typography-secondary-font-family ), Roboto, Sans-serif;font-weight:var( --e-global-typography-secondary-font-weight );}.elementor-408 .elementor-element.elementor-element-069ad68 .elementor-counter{flex-direction:column;gap:0px;}.elementor-408 .elementor-element.elementor-element-069ad68 .elementor-counter-title{justify-content:start;color:var( --e-global-color-accent );font-family:\"Roboto\", Roboto, Sans-serif;font-size:24px;font-weight:400;}.elementor-408 .elementor-element.elementor-element-069ad68 .elementor-counter-number-wrapper{--counter-prefix-grow:0;--counter-suffix-grow:0;--counter-number-grow:1;color:var( --e-global-color-c3bb699 );font-family:\"Roboto\", Roboto, Sans-serif;font-weight:900;}.elementor-408 .elementor-element.elementor-element-069ad68 .elementor-counter-number{text-align:center;}.elementor-408 .elementor-element.elementor-element-069ad68.elementor-element{--align-self:flex-start;}.elementor-widget-button .elementor-button{font-family:var( --e-global-typography-accent-font-family ), Roboto, Sans-serif;font-weight:var( --e-global-typography-accent-font-weight );background-color:var( --e-global-color-accent );}.elementor-408 .elementor-element.elementor-element-bc45c02 .elementor-button-content-wrapper{flex-direction:row-reverse;}.elementor-408 .elementor-element.elementor-element-bc45c02 .elementor-button .elementor-button-content-wrapper{gap:9px;}.elementor-408 .elementor-element.elementor-element-bc45c02 .elementor-button{font-family:\"Roboto\", Roboto, Sans-serif;font-weight:500;text-transform:uppercase;fill:var( --e-global-color-c3bb699 );color:var( --e-global-color-c3bb699 );background-color:var( --e-global-color-secondary );}.elementor-408 .elementor-element.elementor-element-bc45c02 .elementor-button:hover, .elementor-408 .elementor-element.elementor-element-bc45c02 .elementor-button:focus{color:var( --e-global-color-71a9f6a );background-color:var( --e-global-color-c3bb699 );}.elementor-408 .elementor-element.elementor-element-bc45c02 .elementor-button:hover svg, .elementor-408 .elementor-element.elementor-element-bc45c02 .elementor-button:focus svg{fill:var( --e-global-color-71a9f6a );}.elementor-408 .elementor-element.elementor-element-bc45c02{margin:0px 0px calc(var(--kit-widget-spacing, 0px) + 0px) -21px;width:auto;max-width:auto;}.elementor-widget-text-editor{font-family:var( --e-global-typography-text-font-family ), Roboto, Sans-serif;font-weight:var( --e-global-typography-text-font-weight );color:var( --e-global-color-text );}.elementor-widget-text-editor.elementor-drop-cap-view-stacked .elementor-drop-cap{background-color:var( --e-global-color-primary );}.elementor-widget-text-editor.elementor-drop-cap-view-framed .elementor-drop-cap, .elementor-widget-text-editor.elementor-drop-cap-view-default .elementor-drop-cap{color:var( --e-global-color-primary );border-color:var( --e-global-color-primary );}.elementor-408 .elementor-element.elementor-element-6c437da{text-align:start;font-family:\"Roboto\", Roboto, Sans-serif;font-size:16px;font-weight:400;color:var( --e-global-color-c3bb699 );width:var( --container-widget-width, 88% );max-width:88%;--container-widget-width:88%;--container-widget-flex-grow:0;}.elementor-408 .elementor-element.elementor-element-5673ea0{--display:flex;--flex-direction:column;--container-widget-width:100%;--container-widget-height:initial;--container-widget-flex-grow:0;--container-widget-align-self:initial;--flex-wrap-mobile:wrap;overflow:visible;}.elementor-widget-image .widget-image-caption{color:var( --e-global-color-text );font-family:var( --e-global-typography-text-font-family ), Roboto, Sans-serif;font-weight:var( --e-global-typography-text-font-weight );}.elementor-408 .elementor-element.elementor-element-cdba5c5{margin:-74px 0px calc(var(--kit-widget-spacing, 0px) + 0px) 0px;}@media(min-width:768px){.elementor-408 .elementor-element.elementor-element-43ee2ac{--width:39.514%;}.elementor-408 .elementor-element.elementor-element-5673ea0{--width:50%;}}@media(max-width:767px){.elementor-408 .elementor-element.elementor-element-11de2b2{--align-items:center;--container-widget-width:calc( ( 1 - var( --container-widget-flex-grow ) ) * 100% );}.elementor-408 .elementor-element.elementor-element-069ad68.elementor-element{--align-self:center;}.elementor-408 .elementor-element.elementor-element-bc45c02{margin:0px 0px calc(var(--kit-widget-spacing, 0px) + 0px) 0px;}.elementor-408 .elementor-element.elementor-element-bc45c02.elementor-element{--align-self:center;}.elementor-408 .elementor-element.elementor-element-6c437da{text-align:justify;width:100%;max-width:100%;}.elementor-408 .elementor-element.elementor-element-cdba5c5{margin:0px 0px calc(var(--kit-widget-spacing, 0px) + 0px) 0px;}}<\/style>\t\t<div data-elementor-type=\"loop-item\" data-elementor-id=\"408\" class=\"elementor elementor-408 e-loop-item e-loop-item-390 post-390 relatorio type-relatorio status-publish has-post-thumbnail hentry\" data-elementor-post-type=\"elementor_library\" data-custom-edit-handle=\"1\">\n\t\t\t<div class=\"elementor-element elementor-element-11de2b2 e-flex e-con-boxed e-con e-parent\" data-id=\"11de2b2\" data-element_type=\"container\" data-e-type=\"container\" data-settings=\"{&quot;ekit_has_onepagescroll_dot&quot;:&quot;yes&quot;}\">\n\t\t\t\t\t<div class=\"e-con-inner\">\n\t\t<div class=\"elementor-element elementor-element-43ee2ac e-con-full e-flex e-con e-child\" data-id=\"43ee2ac\" data-element_type=\"container\" data-e-type=\"container\" data-settings=\"{&quot;ekit_has_onepagescroll_dot&quot;:&quot;yes&quot;}\">\n\t\t\t\t<div class=\"elementor-element elementor-element-069ad68 elementor-widget elementor-widget-counter\" data-id=\"069ad68\" data-element_type=\"widget\" data-e-type=\"widget\" data-settings=\"{&quot;ekit_we_effect_on&quot;:&quot;none&quot;}\" data-widget_type=\"counter.default\">\n\t\t\t\t\t\t\t<div class=\"elementor-counter\">\n\t\t\t<h2 class=\"elementor-counter-title\">Relat\u00f3rio Anual<\/h2>\t\t\t<div class=\"elementor-counter-number-wrapper\">\n\t\t\t\t<span class=\"elementor-counter-number-prefix\"><\/span>\n\t\t\t\t<span class=\"elementor-counter-number\" data-duration=\"1000\" data-to-value=\"2024\" data-from-value=\"2000\">2000<\/span>\n\t\t\t\t<span class=\"elementor-counter-number-suffix\"><\/span>\n\t\t\t<\/div>\n\t\t<\/div>\n\t\t\t\t\t\t<\/div>\n\t\t\t\t<div class=\"elementor-element elementor-element-bc45c02 elementor-align-left elementor-widget__width-auto elementor-widget elementor-widget-button\" data-id=\"bc45c02\" data-element_type=\"widget\" data-e-type=\"widget\" data-settings=\"{&quot;ekit_we_effect_on&quot;:&quot;none&quot;}\" data-widget_type=\"button.default\">\n\t\t\t\t\t\t\t\t\t\t<a class=\"elementor-button elementor-button-link elementor-size-sm\" href=\"https:\/\/drive.google.com\/file\/d\/1-TqaTmh64HOEQNSFk7yCyuhvnf_LUe6u\/view?usp=drive_link\">\n\t\t\t\t\t\t<span class=\"elementor-button-content-wrapper\">\n\t\t\t\t\t\t<span class=\"elementor-button-icon\">\n\t\t\t\t<svg aria-hidden=\"true\" class=\"e-font-icon-svg e-fas-file-pdf\" viewBox=\"0 0 384 512\" xmlns=\"http:\/\/www.w3.org\/2000\/svg\"><path d=\"M181.9 256.1c-5-16-4.9-46.9-2-46.9 8.4 0 7.6 36.9 2 46.9zm-1.7 47.2c-7.7 20.2-17.3 43.3-28.4 62.7 18.3-7 39-17.2 62.9-21.9-12.7-9.6-24.9-23.4-34.5-40.8zM86.1 428.1c0 .8 13.2-5.4 34.9-40.2-6.7 6.3-29.1 24.5-34.9 40.2zM248 160h136v328c0 13.3-10.7 24-24 24H24c-13.3 0-24-10.7-24-24V24C0 10.7 10.7 0 24 0h200v136c0 13.2 10.8 24 24 24zm-8 171.8c-20-12.2-33.3-29-42.7-53.8 4.5-18.5 11.6-46.6 6.2-64.2-4.7-29.4-42.4-26.5-47.8-6.8-5 18.3-.4 44.1 8.1 77-11.6 27.6-28.7 64.6-40.8 85.8-.1 0-.1.1-.2.1-27.1 13.9-73.6 44.5-54.5 68 5.6 6.9 16 10 21.5 10 17.9 0 35.7-18 61.1-61.8 25.8-8.5 54.1-19.1 79-23.2 21.7 11.8 47.1 19.5 64 19.5 29.2 0 31.2-32 19.7-43.4-13.9-13.6-54.3-9.7-73.6-7.2zM377 105L279 7c-4.5-4.5-10.6-7-17-7h-6v128h128v-6.1c0-6.3-2.5-12.4-7-16.9zm-74.1 255.3c4.1-2.7-2.5-11.9-42.8-9 37.1 15.8 42.8 9 42.8 9z\"><\/path><\/svg>\t\t\t<\/span>\n\t\t\t\t\t\t\t\t\t<span class=\"elementor-button-text\">Baixe o Relat\u00f3rio Agora<\/span>\n\t\t\t\t\t<\/span>\n\t\t\t\t\t<\/a>\n\t\t\t\t\t\t\t\t<\/div>\n\t\t\t\t<div class=\"elementor-element elementor-element-6c437da elementor-widget__width-initial elementor-widget-mobile__width-inherit elementor-widget elementor-widget-text-editor\" data-id=\"6c437da\" data-element_type=\"widget\" data-e-type=\"widget\" data-settings=\"{&quot;ekit_we_effect_on&quot;:&quot;none&quot;}\" data-widget_type=\"text-editor.default\">\n\t\t\t\t\t\t\t\t\t\u00c9 com grande satisfa\u00e7\u00e3o que apresentamos nosso Relat\u00f3rio Anual 2024, um documento que re\u00fane os principais n\u00fameros da nossa cl\u00ednica ao longo do ano &#8211; oi marcado por conquistas importantes, crescimento s\u00f3lido e o fortalecimento do nosso compromisso com a sa\u00fade, a excel\u00eancia no cuidado e a humaniza\u00e7\u00e3o do atendimento.\t\t\t\t\t\t\t\t<\/div>\n\t\t\t\t<\/div>\n\t\t<div class=\"elementor-element elementor-element-5673ea0 e-con-full e-flex e-con e-child\" data-id=\"5673ea0\" data-element_type=\"container\" data-e-type=\"container\" data-settings=\"{&quot;ekit_has_onepagescroll_dot&quot;:&quot;yes&quot;}\">\n\t\t\t\t<div class=\"elementor-element elementor-element-cdba5c5 elementor-widget elementor-widget-image\" data-id=\"cdba5c5\" data-element_type=\"widget\" data-e-type=\"widget\" data-settings=\"{&quot;ekit_we_effect_on&quot;:&quot;none&quot;}\" data-widget_type=\"image.default\">\n\t\t\t\t\t\t\t\t\t\t\t\t\t\t\t<img fetchpriority=\"high\" decoding=\"async\" width=\"800\" height=\"918\" src=\"https:\/\/severinolopes.com.br\/2025\/wp-content\/uploads\/2025\/06\/relatorio-1-892x1024.png\" class=\"attachment-large size-large wp-image-435\" alt=\"\" srcset=\"https:\/\/severinolopes.com.br\/2025\/wp-content\/uploads\/2025\/06\/relatorio-1-892x1024.png 892w, https:\/\/severinolopes.com.br\/2025\/wp-content\/uploads\/2025\/06\/relatorio-1-261x300.png 261w, https:\/\/severinolopes.com.br\/2025\/wp-content\/uploads\/2025\/06\/relatorio-1-768x881.png 768w, https:\/\/severinolopes.com.br\/2025\/wp-content\/uploads\/2025\/06\/relatorio-1-1338x1536.png 1338w, https:\/\/severinolopes.com.br\/2025\/wp-content\/uploads\/2025\/06\/relatorio-1.png 1463w\" sizes=\"(max-width: 800px) 100vw, 800px\" \/>\t\t\t\t\t\t\t\t\t\t\t\t\t\t\t<\/div>\n\t\t\t\t<\/div>\n\t\t\t\t\t<\/div>\n\t\t\t\t<\/div>\n\t\t\t\t<\/div>\n\t\t\t\t<\/div>\n\t\t\n\t\t\t\t\t\t<\/div>\n\t\t\t\t<\/div>\n\t\t\t\t\t<\/div>\n\t\t\t\t<\/div>\n\t\t<div class=\"elementor-element elementor-element-0a310bd e-flex e-con-boxed e-con e-parent\" data-id=\"0a310bd\" data-element_type=\"container\" data-e-type=\"container\" data-settings=\"{&quot;background_background&quot;:&quot;classic&quot;,&quot;ekit_has_onepagescroll_dot&quot;:&quot;yes&quot;}\">\n\t\t\t\t\t<div class=\"e-con-inner\">\n\t\t<div class=\"elementor-element elementor-element-51b0f6e e-con-full e-flex e-con e-child\" data-id=\"51b0f6e\" data-element_type=\"container\" data-e-type=\"container\" data-settings=\"{&quot;ekit_has_onepagescroll_dot&quot;:&quot;yes&quot;}\">\n\t\t\t\t<div class=\"elementor-element elementor-element-fe8da76 elementor-widget elementor-widget-heading\" data-id=\"fe8da76\" data-element_type=\"widget\" data-e-type=\"widget\" data-settings=\"{&quot;ekit_we_effect_on&quot;:&quot;none&quot;}\" data-widget_type=\"heading.default\">\n\t\t\t\t\t<span class=\"elementor-heading-title elementor-size-default\">Anos anteriores:<\/span>\t\t\t\t<\/div>\n\t\t\t\t<\/div>\n\t\t<div class=\"elementor-element elementor-element-a088021 e-con-full e-flex e-con e-child\" data-id=\"a088021\" data-element_type=\"container\" data-e-type=\"container\" data-settings=\"{&quot;ekit_has_onepagescroll_dot&quot;:&quot;yes&quot;}\">\n\t\t\t\t<div class=\"elementor-element elementor-element-bd69cbc elementor-grid-3 elementor-grid-tablet-2 elementor-grid-mobile-1 elementor-widget elementor-widget-loop-grid\" data-id=\"bd69cbc\" data-element_type=\"widget\" data-e-type=\"widget\" data-settings=\"{&quot;template_id&quot;:392,&quot;columns&quot;:3,&quot;row_gap_mobile&quot;:{&quot;unit&quot;:&quot;px&quot;,&quot;size&quot;:0,&quot;sizes&quot;:[]},&quot;_skin&quot;:&quot;post&quot;,&quot;columns_tablet&quot;:&quot;2&quot;,&quot;columns_mobile&quot;:&quot;1&quot;,&quot;edit_handle_selector&quot;:&quot;[data-elementor-type=\\&quot;loop-item\\&quot;]&quot;,&quot;row_gap&quot;:{&quot;unit&quot;:&quot;px&quot;,&quot;size&quot;:&quot;&quot;,&quot;sizes&quot;:[]},&quot;row_gap_tablet&quot;:{&quot;unit&quot;:&quot;px&quot;,&quot;size&quot;:&quot;&quot;,&quot;sizes&quot;:[]},&quot;ekit_we_effect_on&quot;:&quot;none&quot;}\" data-widget_type=\"loop-grid.post\">\n\t\t\t\t\t\t\t<div class=\"elementor-loop-container elementor-grid\">\n\t\t<style id=\"loop-392\">.elementor-392 .elementor-element.elementor-element-58bba65{--display:flex;overflow:visible;}.elementor-392 .elementor-element.elementor-element-58bba65.e-con{--align-self:center;}.elementor-widget-button .elementor-button{font-family:var( --e-global-typography-accent-font-family ), Roboto, Sans-serif;font-weight:var( --e-global-typography-accent-font-weight );background-color:var( --e-global-color-accent );}.elementor-392 .elementor-element.elementor-element-d6d832f .elementor-button-content-wrapper{flex-direction:row;}.elementor-392 .elementor-element.elementor-element-d6d832f .elementor-button .elementor-button-content-wrapper{gap:9px;}.elementor-392 .elementor-element.elementor-element-d6d832f .elementor-button{font-family:\"Roboto\", Roboto, Sans-serif;font-weight:900;text-transform:uppercase;fill:var( --e-global-color-71a9f6a );color:var( --e-global-color-71a9f6a );background-color:var( --e-global-color-e1b368c );}.elementor-392 .elementor-element.elementor-element-d6d832f .elementor-button:hover, .elementor-392 .elementor-element.elementor-element-d6d832f .elementor-button:focus{color:var( --e-global-color-c3bb699 );background-color:var( --e-global-color-71a9f6a );}.elementor-392 .elementor-element.elementor-element-d6d832f .elementor-button:hover svg, .elementor-392 .elementor-element.elementor-element-d6d832f .elementor-button:focus svg{fill:var( --e-global-color-c3bb699 );}.elementor-392 .elementor-element.elementor-element-d6d832f{width:auto;max-width:auto;}.elementor-392 .elementor-element.elementor-element-b5f36c6 .elementor-button-content-wrapper{flex-direction:row;}.elementor-392 .elementor-element.elementor-element-b5f36c6 .elementor-button .elementor-button-content-wrapper{gap:9px;}.elementor-392 .elementor-element.elementor-element-b5f36c6 .elementor-button{font-family:\"Roboto\", Roboto, Sans-serif;font-weight:900;text-transform:uppercase;fill:var( --e-global-color-71a9f6a );color:var( --e-global-color-71a9f6a );background-color:var( --e-global-color-e1b368c );}.elementor-392 .elementor-element.elementor-element-b5f36c6 .elementor-button:hover, .elementor-392 .elementor-element.elementor-element-b5f36c6 .elementor-button:focus{color:var( --e-global-color-c3bb699 );background-color:var( --e-global-color-71a9f6a );}.elementor-392 .elementor-element.elementor-element-b5f36c6 .elementor-button:hover svg, .elementor-392 .elementor-element.elementor-element-b5f36c6 .elementor-button:focus svg{fill:var( --e-global-color-c3bb699 );}.elementor-392 .elementor-element.elementor-element-b5f36c6{width:auto;max-width:auto;}<\/style>\t\t<div data-elementor-type=\"loop-item\" data-elementor-id=\"392\" class=\"elementor elementor-392 e-loop-item e-loop-item-386 post-386 relatorio type-relatorio status-publish hentry\" data-elementor-post-type=\"elementor_library\" data-custom-edit-handle=\"1\">\n\t\t\t<div class=\"elementor-element elementor-element-58bba65 e-flex e-con-boxed e-con e-parent\" data-id=\"58bba65\" data-element_type=\"container\" data-e-type=\"container\" data-settings=\"{&quot;ekit_has_onepagescroll_dot&quot;:&quot;yes&quot;}\">\n\t\t\t\t\t<div class=\"e-con-inner\">\n\t\t\t\t<div class=\"elementor-element elementor-element-d6d832f elementor-align-center elementor-widget__width-auto elementor-widget elementor-widget-button\" data-id=\"d6d832f\" data-element_type=\"widget\" data-e-type=\"widget\" data-settings=\"{&quot;ekit_we_effect_on&quot;:&quot;none&quot;}\" data-widget_type=\"button.default\">\n\t\t\t\t\t\t\t\t\t\t<a class=\"elementor-button elementor-button-link elementor-size-sm\" href=\"https:\/\/drive.google.com\/file\/d\/1bZNQvwnN7nRWAMLsIjJkwn6mkbO-vcMy\/view?usp=share_link\">\n\t\t\t\t\t\t<span class=\"elementor-button-content-wrapper\">\n\t\t\t\t\t\t<span class=\"elementor-button-icon\">\n\t\t\t\t<svg aria-hidden=\"true\" class=\"e-font-icon-svg e-fas-file-pdf\" viewBox=\"0 0 384 512\" xmlns=\"http:\/\/www.w3.org\/2000\/svg\"><path d=\"M181.9 256.1c-5-16-4.9-46.9-2-46.9 8.4 0 7.6 36.9 2 46.9zm-1.7 47.2c-7.7 20.2-17.3 43.3-28.4 62.7 18.3-7 39-17.2 62.9-21.9-12.7-9.6-24.9-23.4-34.5-40.8zM86.1 428.1c0 .8 13.2-5.4 34.9-40.2-6.7 6.3-29.1 24.5-34.9 40.2zM248 160h136v328c0 13.3-10.7 24-24 24H24c-13.3 0-24-10.7-24-24V24C0 10.7 10.7 0 24 0h200v136c0 13.2 10.8 24 24 24zm-8 171.8c-20-12.2-33.3-29-42.7-53.8 4.5-18.5 11.6-46.6 6.2-64.2-4.7-29.4-42.4-26.5-47.8-6.8-5 18.3-.4 44.1 8.1 77-11.6 27.6-28.7 64.6-40.8 85.8-.1 0-.1.1-.2.1-27.1 13.9-73.6 44.5-54.5 68 5.6 6.9 16 10 21.5 10 17.9 0 35.7-18 61.1-61.8 25.8-8.5 54.1-19.1 79-23.2 21.7 11.8 47.1 19.5 64 19.5 29.2 0 31.2-32 19.7-43.4-13.9-13.6-54.3-9.7-73.6-7.2zM377 105L279 7c-4.5-4.5-10.6-7-17-7h-6v128h128v-6.1c0-6.3-2.5-12.4-7-16.9zm-74.1 255.3c4.1-2.7-2.5-11.9-42.8-9 37.1 15.8 42.8 9 42.8 9z\"><\/path><\/svg>\t\t\t<\/span>\n\t\t\t\t\t\t\t\t\t<span class=\"elementor-button-text\">Relat\u00f3rio 2021<\/span>\n\t\t\t\t\t<\/span>\n\t\t\t\t\t<\/a>\n\t\t\t\t\t\t\t\t<\/div>\n\t\t\t\t\t<\/div>\n\t\t\t\t<\/div>\n\t\t\t\t<\/div>\n\t\t\t\t<div data-elementor-type=\"loop-item\" data-elementor-id=\"392\" class=\"elementor elementor-392 e-loop-item e-loop-item-389 post-389 relatorio type-relatorio status-publish hentry\" data-elementor-post-type=\"elementor_library\" data-custom-edit-handle=\"1\">\n\t\t\t<div class=\"elementor-element elementor-element-58bba65 e-flex e-con-boxed e-con e-parent\" data-id=\"58bba65\" data-element_type=\"container\" data-e-type=\"container\" data-settings=\"{&quot;ekit_has_onepagescroll_dot&quot;:&quot;yes&quot;}\">\n\t\t\t\t\t<div class=\"e-con-inner\">\n\t\t\t\t<div class=\"elementor-element elementor-element-d6d832f elementor-align-center elementor-widget__width-auto elementor-widget elementor-widget-button\" data-id=\"d6d832f\" data-element_type=\"widget\" data-e-type=\"widget\" data-settings=\"{&quot;ekit_we_effect_on&quot;:&quot;none&quot;}\" data-widget_type=\"button.default\">\n\t\t\t\t\t\t\t\t\t\t<a class=\"elementor-button elementor-button-link elementor-size-sm\" href=\"https:\/\/drive.google.com\/file\/d\/1-TqaTmh64HOEQNSFk7yCyuhvnf_LUe6u\/view?usp=drive_link\">\n\t\t\t\t\t\t<span class=\"elementor-button-content-wrapper\">\n\t\t\t\t\t\t<span class=\"elementor-button-icon\">\n\t\t\t\t<svg aria-hidden=\"true\" class=\"e-font-icon-svg e-fas-file-pdf\" viewBox=\"0 0 384 512\" xmlns=\"http:\/\/www.w3.org\/2000\/svg\"><path d=\"M181.9 256.1c-5-16-4.9-46.9-2-46.9 8.4 0 7.6 36.9 2 46.9zm-1.7 47.2c-7.7 20.2-17.3 43.3-28.4 62.7 18.3-7 39-17.2 62.9-21.9-12.7-9.6-24.9-23.4-34.5-40.8zM86.1 428.1c0 .8 13.2-5.4 34.9-40.2-6.7 6.3-29.1 24.5-34.9 40.2zM248 160h136v328c0 13.3-10.7 24-24 24H24c-13.3 0-24-10.7-24-24V24C0 10.7 10.7 0 24 0h200v136c0 13.2 10.8 24 24 24zm-8 171.8c-20-12.2-33.3-29-42.7-53.8 4.5-18.5 11.6-46.6 6.2-64.2-4.7-29.4-42.4-26.5-47.8-6.8-5 18.3-.4 44.1 8.1 77-11.6 27.6-28.7 64.6-40.8 85.8-.1 0-.1.1-.2.1-27.1 13.9-73.6 44.5-54.5 68 5.6 6.9 16 10 21.5 10 17.9 0 35.7-18 61.1-61.8 25.8-8.5 54.1-19.1 79-23.2 21.7 11.8 47.1 19.5 64 19.5 29.2 0 31.2-32 19.7-43.4-13.9-13.6-54.3-9.7-73.6-7.2zM377 105L279 7c-4.5-4.5-10.6-7-17-7h-6v128h128v-6.1c0-6.3-2.5-12.4-7-16.9zm-74.1 255.3c4.1-2.7-2.5-11.9-42.8-9 37.1 15.8 42.8 9 42.8 9z\"><\/path><\/svg>\t\t\t<\/span>\n\t\t\t\t\t\t\t\t\t<span class=\"elementor-button-text\">Relat\u00f3rio 2020<\/span>\n\t\t\t\t\t<\/span>\n\t\t\t\t\t<\/a>\n\t\t\t\t\t\t\t\t<\/div>\n\t\t\t\t\t<\/div>\n\t\t\t\t<\/div>\n\t\t\t\t<\/div>\n\t\t\t\t<\/div>\n\t\t\n\t\t\t\t\t\t<\/div>\n\t\t\t\t<\/div>\n\t\t\t\t\t<\/div>\n\t\t\t\t<\/div>\n\t\t\t\t<\/div>\n\t\t","protected":false},"excerpt":{"rendered":"<p>Publica\u00e7\u00f5es Anos anteriores:<\/p>\n","protected":false},"author":1,"featured_media":0,"parent":0,"menu_order":0,"comment_status":"closed","ping_status":"closed","template":"","meta":{"_acf_changed":false,"footnotes":""},"class_list":["post-387","page","type-page","status-publish","hentry"],"acf":[],"_links":{"self":[{"href":"https:\/\/severinolopes.com.br\/2025\/wp-json\/wp\/v2\/pages\/387","targetHints":{"allow":["GET"]}}],"collection":[{"href":"https:\/\/severinolopes.com.br\/2025\/wp-json\/wp\/v2\/pages"}],"about":[{"href":"https:\/\/severinolopes.com.br\/2025\/wp-json\/wp\/v2\/types\/page"}],"author":[{"embeddable":true,"href":"https:\/\/severinolopes.com.br\/2025\/wp-json\/wp\/v2\/users\/1"}],"replies":[{"embeddable":true,"href":"https:\/\/severinolopes.com.br\/2025\/wp-json\/wp\/v2\/comments?post=387"}],"version-history":[{"count":22,"href":"https:\/\/severinolopes.com.br\/2025\/wp-json\/wp\/v2\/pages\/387\/revisions"}],"predecessor-version":[{"id":433,"href":"https:\/\/severinolopes.com.br\/2025\/wp-json\/wp\/v2\/pages\/387\/revisions\/433"}],"wp:attachment":[{"href":"https:\/\/severinolopes.com.br\/2025\/wp-json\/wp\/v2\/media?parent=387"}],"curies":[{"name":"wp","href":"https:\/\/api.w.org\/{rel}","templated":true}]}}