{"id":446,"date":"2025-06-04T22:47:50","date_gmt":"2025-06-04T22:47:50","guid":{"rendered":"https:\/\/severinolopes.com.br\/2025\/?page_id=446"},"modified":"2025-06-05T06:03:53","modified_gmt":"2025-06-05T06:03:53","slug":"unidades","status":"publish","type":"page","link":"https:\/\/severinolopes.com.br\/2025\/unidades\/","title":{"rendered":"Unidades"},"content":{"rendered":"\t\t<div data-elementor-type=\"wp-page\" data-elementor-id=\"446\" class=\"elementor elementor-446\" data-elementor-post-type=\"page\">\n\t\t\t\t<div class=\"elementor-element elementor-element-221293c e-con-full e-flex elementor-invisible e-con e-parent\" data-id=\"221293c\" data-element_type=\"container\" data-e-type=\"container\" data-settings=\"{&quot;background_background&quot;:&quot;classic&quot;,&quot;animation&quot;:&quot;fadeIn&quot;,&quot;ekit_has_onepagescroll_dot&quot;:&quot;yes&quot;}\">\n\t\t<div class=\"elementor-element elementor-element-75b536f e-flex e-con-boxed e-con e-child\" data-id=\"75b536f\" data-element_type=\"container\" data-e-type=\"container\" data-settings=\"{&quot;ekit_has_onepagescroll_dot&quot;:&quot;yes&quot;}\">\n\t\t\t\t\t<div class=\"e-con-inner\">\n\t\t<div class=\"elementor-element elementor-element-5a4ec6b e-con-full e-flex e-con e-child\" data-id=\"5a4ec6b\" data-element_type=\"container\" data-e-type=\"container\" data-settings=\"{&quot;ekit_has_onepagescroll_dot&quot;:&quot;yes&quot;}\">\n\t\t\t\t<div class=\"elementor-element elementor-element-6ac272f elementor-invisible elementor-widget elementor-widget-heading\" data-id=\"6ac272f\" data-element_type=\"widget\" data-e-type=\"widget\" data-settings=\"{&quot;_animation&quot;:&quot;fadeInUp&quot;,&quot;ekit_we_effect_on&quot;:&quot;none&quot;}\" data-widget_type=\"heading.default\">\n\t\t\t\t\t<h2 class=\"elementor-heading-title elementor-size-default\">Unidade Psiqui\u00e1trica Professor Severino Lopes<\/h2>\t\t\t\t<\/div>\n\t\t\t\t<div class=\"elementor-element elementor-element-8e07ad1 elementor-invisible elementor-widget elementor-widget-text-editor\" data-id=\"8e07ad1\" data-element_type=\"widget\" data-e-type=\"widget\" data-settings=\"{&quot;_animation&quot;:&quot;fadeInUp&quot;,&quot;_animation_delay&quot;:200,&quot;ekit_we_effect_on&quot;:&quot;none&quot;}\" data-widget_type=\"text-editor.default\">\n\t\t\t\t\t\t\t\t\t<p>A Unidade Psiqui\u00e1trica Professor Severino Lopes fica localizada na Av. Romualdo Galv\u00e3o, n\u00ba 588, no bairro Barro Vermelho, em Natal, e oferece servi\u00e7o de interna\u00e7\u00e3o Psiqui\u00e1trica para Transtornos Mentais e Depend\u00eancia Qu\u00edmica, atendendo ao Sistema \u00danico de Sa\u00fade (SUS), conv\u00eanios e particular.<\/p>\n<p>Para ter atendimento via SUS, o paciente precisa ser, necessariamente, regulado pelo Sistema Regula RN por m\u00e9dico plantonista de uma UPA ou Hospital Municipal.<\/p>\n\t\t\t\t\t\t\t\t<\/div>\n\t\t\t\t<div class=\"elementor-element elementor-element-6393ebb elementor-mobile-align-justify elementor-align-justify elementor-widget__width-inherit elementor-invisible elementor-widget elementor-widget-button\" data-id=\"6393ebb\" data-element_type=\"widget\" data-e-type=\"widget\" data-settings=\"{&quot;_animation&quot;:&quot;fadeInUp&quot;,&quot;_animation_delay&quot;:400,&quot;ekit_we_effect_on&quot;:&quot;none&quot;}\" data-widget_type=\"button.default\">\n\t\t\t\t\t\t\t\t\t\t<a class=\"elementor-button elementor-size-sm\" role=\"button\">\n\t\t\t\t\t\t<span class=\"elementor-button-content-wrapper\">\n\t\t\t\t\t\t\t\t\t<span class=\"elementor-button-text\"><p>Av. Romualdo Galv\u00e3o, 588 Barro Vermelho, Natal \u2013 RN<br \/>\nCEP 59022-100<\/p>\n<\/span>\n\t\t\t\t\t<\/span>\n\t\t\t\t\t<\/a>\n\t\t\t\t\t\t\t\t<\/div>\n\t\t\t\t<\/div>\n\t\t<div class=\"elementor-element elementor-element-991ddd6 e-con-full e-flex e-con e-child\" data-id=\"991ddd6\" data-element_type=\"container\" data-e-type=\"container\" data-settings=\"{&quot;ekit_has_onepagescroll_dot&quot;:&quot;yes&quot;}\">\n\t\t\t\t<div class=\"elementor-element elementor-element-7abf02e elementor-invisible elementor-widget elementor-widget-image\" data-id=\"7abf02e\" data-element_type=\"widget\" data-e-type=\"widget\" data-settings=\"{&quot;_animation&quot;:&quot;fadeIn&quot;,&quot;ekit_we_effect_on&quot;:&quot;none&quot;}\" data-widget_type=\"image.default\">\n\t\t\t\t\t\t\t\t\t\t\t\t\t\t\t<img fetchpriority=\"high\" decoding=\"async\" width=\"800\" height=\"708\" src=\"https:\/\/severinolopes.com.br\/2025\/wp-content\/uploads\/2025\/06\/unidade-severino-lopes.png\" class=\"attachment-large size-large wp-image-450\" alt=\"\" srcset=\"https:\/\/severinolopes.com.br\/2025\/wp-content\/uploads\/2025\/06\/unidade-severino-lopes.png 800w, https:\/\/severinolopes.com.br\/2025\/wp-content\/uploads\/2025\/06\/unidade-severino-lopes-300x266.png 300w, https:\/\/severinolopes.com.br\/2025\/wp-content\/uploads\/2025\/06\/unidade-severino-lopes-768x680.png 768w\" sizes=\"(max-width: 800px) 100vw, 800px\" \/>\t\t\t\t\t\t\t\t\t\t\t\t\t\t\t<\/div>\n\t\t\t\t<\/div>\n\t\t\t\t\t<\/div>\n\t\t\t\t<\/div>\n\t\t<div class=\"elementor-element elementor-element-29f080b e-flex e-con-boxed e-con e-child\" data-id=\"29f080b\" data-element_type=\"container\" data-e-type=\"container\" data-settings=\"{&quot;ekit_has_onepagescroll_dot&quot;:&quot;yes&quot;}\">\n\t\t\t\t\t<div class=\"e-con-inner\">\n\t\t<div class=\"elementor-element elementor-element-f8e3cd7 e-con-full e-flex elementor-invisible e-con e-child\" data-id=\"f8e3cd7\" data-element_type=\"container\" data-e-type=\"container\" data-settings=\"{&quot;animation&quot;:&quot;fadeInUp&quot;,&quot;animation_delay&quot;:100,&quot;ekit_has_onepagescroll_dot&quot;:&quot;yes&quot;}\">\n\t\t\t\t<div class=\"elementor-element elementor-element-d290922 elementor-widget elementor-widget-heading\" data-id=\"d290922\" data-element_type=\"widget\" data-e-type=\"widget\" data-settings=\"{&quot;ekit_we_effect_on&quot;:&quot;none&quot;}\" data-widget_type=\"heading.default\">\n\t\t\t\t\t<h2 class=\"elementor-heading-title elementor-size-default\">160 leitos sus<\/h2>\t\t\t\t<\/div>\n\t\t\t\t<\/div>\n\t\t<div class=\"elementor-element elementor-element-b969906 e-con-full e-flex elementor-invisible e-con e-child\" data-id=\"b969906\" data-element_type=\"container\" data-e-type=\"container\" data-settings=\"{&quot;animation&quot;:&quot;fadeInUp&quot;,&quot;animation_delay&quot;:100,&quot;ekit_has_onepagescroll_dot&quot;:&quot;yes&quot;}\">\n\t\t\t\t<div class=\"elementor-element elementor-element-38c079b elementor-widget elementor-widget-heading\" data-id=\"38c079b\" data-element_type=\"widget\" data-e-type=\"widget\" data-settings=\"{&quot;ekit_we_effect_on&quot;:&quot;none&quot;}\" data-widget_type=\"heading.default\">\n\t\t\t\t\t<h2 class=\"elementor-heading-title elementor-size-default\">80 leitos para planos de sa\u00fade, particulares e conv\u00eanios.<\/h2>\t\t\t\t<\/div>\n\t\t\t\t<\/div>\n\t\t<div class=\"elementor-element elementor-element-9da3fb7 e-con-full e-flex e-con e-child\" data-id=\"9da3fb7\" data-element_type=\"container\" data-e-type=\"container\" data-settings=\"{&quot;ekit_has_onepagescroll_dot&quot;:&quot;yes&quot;}\">\n\t\t\t\t<div class=\"elementor-element elementor-element-5b3a4e3 elementor-invisible elementor-widget elementor-widget-text-editor\" data-id=\"5b3a4e3\" data-element_type=\"widget\" data-e-type=\"widget\" data-settings=\"{&quot;_animation&quot;:&quot;fadeIn&quot;,&quot;ekit_we_effect_on&quot;:&quot;none&quot;}\" data-widget_type=\"text-editor.default\">\n\t\t\t\t\t\t\t\t\tNa assist\u00eancia possui uma equipe interdisciplinar composta das seguintes especialidades: M\u00e9dicos Psiquiatras, Enfermeiros, T\u00e9cnicos de Enfermagem, Psic\u00f3logos, Assistentes Sociais, Nutricionistas, Terapeutas Ocupacionais e profissionais complementares: Fisioterapeuta, Bi\u00f3logo (Hortoterapia), Musicoterapeuta, Recreadores e Profissionais de Educa\u00e7\u00e3o F\u00edsica.\t\t\t\t\t\t\t\t<\/div>\n\t\t\t\t<\/div>\n\t\t\t\t\t<\/div>\n\t\t\t\t<\/div>\n\t\t\t\t<\/div>\n\t\t<div class=\"elementor-element elementor-element-0a68206 e-con-full e-flex e-con e-parent\" data-id=\"0a68206\" data-element_type=\"container\" data-e-type=\"container\" data-settings=\"{&quot;background_background&quot;:&quot;classic&quot;,&quot;ekit_has_onepagescroll_dot&quot;:&quot;yes&quot;}\">\n\t\t<div class=\"elementor-element elementor-element-e709d95 e-flex e-con-boxed e-con e-child\" data-id=\"e709d95\" data-element_type=\"container\" data-e-type=\"container\" data-settings=\"{&quot;ekit_has_onepagescroll_dot&quot;:&quot;yes&quot;}\">\n\t\t\t\t\t<div class=\"e-con-inner\">\n\t\t<div class=\"elementor-element elementor-element-2370119 e-con-full e-flex e-con e-child\" data-id=\"2370119\" data-element_type=\"container\" data-e-type=\"container\" data-settings=\"{&quot;ekit_has_onepagescroll_dot&quot;:&quot;yes&quot;}\">\n\t\t\t\t<div class=\"elementor-element elementor-element-9fcdccb elementor-invisible elementor-widget elementor-widget-heading\" data-id=\"9fcdccb\" data-element_type=\"widget\" data-e-type=\"widget\" data-settings=\"{&quot;_animation&quot;:&quot;fadeInUp&quot;,&quot;ekit_we_effect_on&quot;:&quot;none&quot;}\" data-widget_type=\"heading.default\">\n\t\t\t\t\t<h2 class=\"elementor-heading-title elementor-size-default\">Unidade Psiqui\u00e1trica Professor Severino Lopes<\/h2>\t\t\t\t<\/div>\n\t\t\t\t<div class=\"elementor-element elementor-element-a431563 elementor-invisible elementor-widget elementor-widget-text-editor\" data-id=\"a431563\" data-element_type=\"widget\" data-e-type=\"widget\" data-settings=\"{&quot;_animation&quot;:&quot;fadeInUp&quot;,&quot;_animation_delay&quot;:200,&quot;ekit_we_effect_on&quot;:&quot;none&quot;}\" data-widget_type=\"text-editor.default\">\n\t\t\t\t\t\t\t\t\t<p>A Unidade Cl\u00ednica Jo\u00e3o Cec\u00edlio da Costa est\u00e1 localizada na Rua Dr. M\u00facio Galv\u00e3o, n\u00ba 465, no bairro Barro Vermelho, em Natal, onde funciona vinte e quatro (24) horas por dia para interna\u00e7\u00f5es clinicas de baixa e m\u00e9dia complexidade, destinados ao atendimento geral dos pacientes adultos de ambos os sexos, da Rede de Urg\u00eancia e Emerg\u00eancia do Munic\u00edpio de Natal, atrav\u00e9s da plataforma de regula\u00e7\u00e3o \u2013 Regula RN.<\/p>\n<p>Deste modo, todos os pacientes que necessitam deste atendimento precisam ser, obrigatoriamente, regulados pela Secretaria Municipal de Sa\u00fade de Natal, por meio de uma unidade de sa\u00fade municipal da capital potiguar.<\/p>\n\t\t\t\t\t\t\t\t<\/div>\n\t\t\t\t<div class=\"elementor-element elementor-element-42830af elementor-mobile-align-justify elementor-align-justify elementor-widget__width-inherit elementor-invisible elementor-widget elementor-widget-button\" data-id=\"42830af\" data-element_type=\"widget\" data-e-type=\"widget\" data-settings=\"{&quot;_animation&quot;:&quot;fadeInUp&quot;,&quot;_animation_delay&quot;:400,&quot;ekit_we_effect_on&quot;:&quot;none&quot;}\" data-widget_type=\"button.default\">\n\t\t\t\t\t\t\t\t\t\t<a class=\"elementor-button elementor-size-sm\" role=\"button\">\n\t\t\t\t\t\t<span class=\"elementor-button-content-wrapper\">\n\t\t\t\t\t\t\t\t\t<span class=\"elementor-button-text\"><p>Rua Dr. M\u00facio Galv\u00e3o, 465<br \/>\nBarro Vermelho, Natal \u2013 RN<br \/>\nCEP 59022-530<\/p>\n<\/span>\n\t\t\t\t\t<\/span>\n\t\t\t\t\t<\/a>\n\t\t\t\t\t\t\t\t<\/div>\n\t\t\t\t<\/div>\n\t\t<div class=\"elementor-element elementor-element-a6d3748 e-con-full e-flex e-con e-child\" data-id=\"a6d3748\" data-element_type=\"container\" data-e-type=\"container\" data-settings=\"{&quot;ekit_has_onepagescroll_dot&quot;:&quot;yes&quot;}\">\n\t\t\t\t<div class=\"elementor-element elementor-element-b0dbe8a elementor-invisible elementor-widget elementor-widget-image\" data-id=\"b0dbe8a\" data-element_type=\"widget\" data-e-type=\"widget\" data-settings=\"{&quot;_animation&quot;:&quot;fadeIn&quot;,&quot;ekit_we_effect_on&quot;:&quot;none&quot;}\" data-widget_type=\"image.default\">\n\t\t\t\t\t\t\t\t\t\t\t\t\t\t\t<img fetchpriority=\"high\" decoding=\"async\" width=\"800\" height=\"708\" src=\"https:\/\/severinolopes.com.br\/2025\/wp-content\/uploads\/2025\/06\/unidade-severino-lopes.png\" class=\"attachment-large size-large wp-image-450\" alt=\"\" srcset=\"https:\/\/severinolopes.com.br\/2025\/wp-content\/uploads\/2025\/06\/unidade-severino-lopes.png 800w, https:\/\/severinolopes.com.br\/2025\/wp-content\/uploads\/2025\/06\/unidade-severino-lopes-300x266.png 300w, https:\/\/severinolopes.com.br\/2025\/wp-content\/uploads\/2025\/06\/unidade-severino-lopes-768x680.png 768w\" sizes=\"(max-width: 800px) 100vw, 800px\" \/>\t\t\t\t\t\t\t\t\t\t\t\t\t\t\t<\/div>\n\t\t\t\t<\/div>\n\t\t\t\t\t<\/div>\n\t\t\t\t<\/div>\n\t\t<div class=\"elementor-element elementor-element-c14895a e-flex e-con-boxed e-con e-child\" data-id=\"c14895a\" data-element_type=\"container\" data-e-type=\"container\" data-settings=\"{&quot;ekit_has_onepagescroll_dot&quot;:&quot;yes&quot;}\">\n\t\t\t\t\t<div class=\"e-con-inner\">\n\t\t<div class=\"elementor-element elementor-element-22724ea e-con-full e-flex e-con e-child\" data-id=\"22724ea\" data-element_type=\"container\" data-e-type=\"container\" data-settings=\"{&quot;ekit_has_onepagescroll_dot&quot;:&quot;yes&quot;}\">\n\t\t\t\t<div class=\"elementor-element elementor-element-2d3c0d9 elementor-widget elementor-widget-heading\" data-id=\"2d3c0d9\" data-element_type=\"widget\" data-e-type=\"widget\" data-settings=\"{&quot;ekit_we_effect_on&quot;:&quot;none&quot;}\" data-widget_type=\"heading.default\">\n\t\t\t\t\t<h2 class=\"elementor-heading-title elementor-size-default\">54 leitos cl\u00ednicos<\/h2>\t\t\t\t<\/div>\n\t\t\t\t<\/div>\n\t\t<div class=\"elementor-element elementor-element-458c4c9 e-con-full e-flex e-con e-child\" data-id=\"458c4c9\" data-element_type=\"container\" data-e-type=\"container\" data-settings=\"{&quot;ekit_has_onepagescroll_dot&quot;:&quot;yes&quot;}\">\n\t\t\t\t<div class=\"elementor-element elementor-element-9acd83e elementor-widget elementor-widget-heading\" data-id=\"9acd83e\" data-element_type=\"widget\" data-e-type=\"widget\" data-settings=\"{&quot;ekit_we_effect_on&quot;:&quot;none&quot;}\" data-widget_type=\"heading.default\">\n\t\t\t\t\t<h2 class=\"elementor-heading-title elementor-size-default\">02 leitos de interna\u00e7\u00e3o<\/h2>\t\t\t\t<\/div>\n\t\t\t\t<\/div>\n\t\t<div class=\"elementor-element elementor-element-2a1a13e e-con-full e-flex e-con e-child\" data-id=\"2a1a13e\" data-element_type=\"container\" data-e-type=\"container\" data-settings=\"{&quot;ekit_has_onepagescroll_dot&quot;:&quot;yes&quot;}\">\n\t\t\t\t<div class=\"elementor-element elementor-element-84f4f7a elementor-widget elementor-widget-heading\" data-id=\"84f4f7a\" data-element_type=\"widget\" data-e-type=\"widget\" data-settings=\"{&quot;ekit_we_effect_on&quot;:&quot;none&quot;}\" data-widget_type=\"heading.default\">\n\t\t\t\t\t<h2 class=\"elementor-heading-title elementor-size-default\">todos destinados ao Sistema \u00danico de Sa\u00fade (SUS)<\/h2>\t\t\t\t<\/div>\n\t\t\t\t<\/div>\n\t\t\t\t\t<\/div>\n\t\t\t\t<\/div>\n\t\t\t\t<\/div>\n\t\t<div class=\"elementor-element elementor-element-38a0ae9 e-con-full e-flex elementor-invisible e-con e-parent\" data-id=\"38a0ae9\" data-element_type=\"container\" data-e-type=\"container\" data-settings=\"{&quot;background_background&quot;:&quot;classic&quot;,&quot;animation&quot;:&quot;fadeInUp&quot;,&quot;ekit_has_onepagescroll_dot&quot;:&quot;yes&quot;}\">\n\t\t<div class=\"elementor-element elementor-element-f53d297 e-flex e-con-boxed e-con e-child\" data-id=\"f53d297\" data-element_type=\"container\" data-e-type=\"container\" data-settings=\"{&quot;ekit_has_onepagescroll_dot&quot;:&quot;yes&quot;}\">\n\t\t\t\t\t<div class=\"e-con-inner\">\n\t\t<div class=\"elementor-element elementor-element-2de51bc e-con-full e-flex e-con e-child\" data-id=\"2de51bc\" data-element_type=\"container\" data-e-type=\"container\" data-settings=\"{&quot;ekit_has_onepagescroll_dot&quot;:&quot;yes&quot;}\">\n\t\t\t\t<div class=\"elementor-element elementor-element-bbfcf8c elementor-widget elementor-widget-heading\" data-id=\"bbfcf8c\" data-element_type=\"widget\" data-e-type=\"widget\" data-settings=\"{&quot;ekit_we_effect_on&quot;:&quot;none&quot;}\" data-widget_type=\"heading.default\">\n\t\t\t\t\t<h2 class=\"elementor-heading-title elementor-size-default\">Ambulat\u00f3rio de Sa\u00fade Mental Ministro Ricardo Barros<\/h2>\t\t\t\t<\/div>\n\t\t\t\t<div class=\"elementor-element elementor-element-fc4aa2d elementor-widget elementor-widget-text-editor\" data-id=\"fc4aa2d\" data-element_type=\"widget\" data-e-type=\"widget\" data-settings=\"{&quot;ekit_we_effect_on&quot;:&quot;none&quot;}\" data-widget_type=\"text-editor.default\">\n\t\t\t\t\t\t\t\t\t<p>O Ambulat\u00f3rio de Sa\u00fade Mental Ministro Ricardo Barros foi inaugurado em junho de 2022 e est\u00e1 localizado na Rua Dom Jos\u00e9 Tomaz, n\u00ba 1400, bairro Tirol, em Natal. A unidade integra a Rede de Aten\u00e7\u00e3o Psicossocial institu\u00edda pelas Portarias do Minist\u00e9rio da Sa\u00fade n.\u00ba 3588\/2017 (Art. 50-J) e n.\u00ba 544\/2018, no \u00e2mbito do Sistema \u00danico de Sa\u00fade (SUS), sendo composta por uma equipe Multiprofissional de Aten\u00e7\u00e3o Especializada em Sa\u00fade Mental (AMENT).<\/p>\n<p>O ambulat\u00f3rio se constitui como uma estrat\u00e9gia para aten\u00e7\u00e3o integral \u00e0s pessoas com transtornos mentais moderados. Os pacientes s\u00e3o atendidos na unidade quando encaminhados pela Rede de Aten\u00e7\u00e3o B\u00e1sica e Especializada do Munic\u00edpio de Natal\/SMS Natal, atrav\u00e9s do Sistema de Regula\u00e7\u00e3o (SISReg). Os servi\u00e7os desta unidade est\u00e3o divididos em Ambulat\u00f3rio Geral em Sa\u00fade Mental, Ambulat\u00f3rio para Tratamento de Depend\u00eancia Qu\u00edmica e Ambulat\u00f3rio SM Infanto Juvenil.<\/p>\n<p>Cada um destes setores conta com psiquiatras, psic\u00f3logos e assistentes sociais. Al\u00e9m das tr\u00eas especialidades citadas, o setor infanto juvenil tamb\u00e9m conta com fonoaudi\u00f3logo.<\/p>\n\t\t\t\t\t\t\t\t<\/div>\n\t\t\t\t<div class=\"elementor-element elementor-element-3b09fcf elementor-mobile-align-justify elementor-widget elementor-widget-button\" data-id=\"3b09fcf\" data-element_type=\"widget\" data-e-type=\"widget\" data-settings=\"{&quot;ekit_we_effect_on&quot;:&quot;none&quot;}\" data-widget_type=\"button.default\">\n\t\t\t\t\t\t\t\t\t\t<a class=\"elementor-button elementor-size-sm\" role=\"button\">\n\t\t\t\t\t\t<span class=\"elementor-button-content-wrapper\">\n\t\t\t\t\t\t\t\t\t<span class=\"elementor-button-text\"><p>Rua Dom Jos\u00e9 Thomas, 1004<br \/>\nTirol, Natal \u2013 RN<\/p>\n<\/span>\n\t\t\t\t\t<\/span>\n\t\t\t\t\t<\/a>\n\t\t\t\t\t\t\t\t<\/div>\n\t\t\t\t<\/div>\n\t\t\t\t\t<\/div>\n\t\t\t\t<\/div>\n\t\t\t\t<\/div>\n\t\t\t\t<\/div>\n\t\t","protected":false},"excerpt":{"rendered":"<p>Unidade Psiqui\u00e1trica Professor Severino Lopes Unidade Psiqui\u00e1trica Professor Severino Lopes Ambulat\u00f3rio de Sa\u00fade Mental Ministro Ricardo Barros<\/p>\n","protected":false},"author":1,"featured_media":0,"parent":0,"menu_order":0,"comment_status":"closed","ping_status":"closed","template":"","meta":{"_acf_changed":false,"footnotes":""},"class_list":["post-446","page","type-page","status-publish","hentry"],"acf":[],"_links":{"self":[{"href":"https:\/\/severinolopes.com.br\/2025\/wp-json\/wp\/v2\/pages\/446","targetHints":{"allow":["GET"]}}],"collection":[{"href":"https:\/\/severinolopes.com.br\/2025\/wp-json\/wp\/v2\/pages"}],"about":[{"href":"https:\/\/severinolopes.com.br\/2025\/wp-json\/wp\/v2\/types\/page"}],"author":[{"embeddable":true,"href":"https:\/\/severinolopes.com.br\/2025\/wp-json\/wp\/v2\/users\/1"}],"replies":[{"embeddable":true,"href":"https:\/\/severinolopes.com.br\/2025\/wp-json\/wp\/v2\/comments?post=446"}],"version-history":[{"count":10,"href":"https:\/\/severinolopes.com.br\/2025\/wp-json\/wp\/v2\/pages\/446\/revisions"}],"predecessor-version":[{"id":671,"href":"https:\/\/severinolopes.com.br\/2025\/wp-json\/wp\/v2\/pages\/446\/revisions\/671"}],"wp:attachment":[{"href":"https:\/\/severinolopes.com.br\/2025\/wp-json\/wp\/v2\/media?parent=446"}],"curies":[{"name":"wp","href":"https:\/\/api.w.org\/{rel}","templated":true}]}}